{"id":9,"date":"2015-12-04T02:08:42","date_gmt":"2015-12-04T02:08:42","guid":{"rendered":"http:\/\/theme-fusion.com\/avada\/construction\/?page_id=9"},"modified":"2020-02-26T12:33:20","modified_gmt":"2020-02-26T12:33:20","slug":"informacje","status":"publish","type":"page","link":"https:\/\/jurmeb.pl\/index.php\/informacje\/","title":{"rendered":"Informacje"},"content":{"rendered":"<p><div class=\"fusion-fullwidth fullwidth-box fusion-builder-row-1 nonhundred-percent-fullwidth non-hundred-percent-height-scrolling\" style=\"background-color: #ffffff;background-position: left top;background-repeat: no-repeat;padding-top:3%;padding-right:0px;padding-bottom:2%;padding-left:0px;margin-bottom: 0px;margin-top: 0px;border-width: 0px 0px 0px 0px;border-color:#eae9e9;border-style:solid;\" ><div class=\"fusion-builder-row fusion-row\"><div class=\"fusion-layout-column fusion_builder_column fusion-builder-column-0 fusion_builder_column_1_1 1_1 fusion-one-full fusion-column-first fusion-column-last\" style=\"margin-top:50px;margin-bottom:25px;\"><div class=\"fusion-column-wrapper fusion-flex-column-wrapper-legacy\" style=\"background-position:left top;background-repeat:no-repeat;-webkit-background-size:cover;-moz-background-size:cover;-o-background-size:cover;background-size:cover;padding: 0px 0px 0px 0px;\"><div class=\"fusion-tabs fusion-tabs-1 clean vertical-tabs icon-position-left\"><style type=\"text\/css\">#wrapper .fusion-tabs.fusion-tabs-1.clean .nav-tabs li a.tab-link{border-color:rgba(245,245,245,0);}.fusion-tabs.fusion-tabs-1 .nav-tabs li a.tab-link{background-color:#f5f5f5;}.fusion-tabs.fusion-tabs-1 .nav-tabs li.active a.tab-link,.fusion-tabs.fusion-tabs-1 .nav-tabs li.active a.tab-link:hover,.fusion-tabs.fusion-tabs-1 .nav-tabs li.active a.tab-link:focus{background-color:#fed03d;}.fusion-tabs.fusion-tabs-1 .nav-tabs li a:hover{background-color:#fed03d;border-top-color:#fed03d;}.fusion-tabs.fusion-tabs-1 .tab-pane{background-color:#fed03d;}.fusion-tabs.fusion-tabs-1 .nav,.fusion-tabs.fusion-tabs-1 .nav-tabs,.fusion-tabs.fusion-tabs-1 .tab-content .tab-pane{border-color:rgba(245,245,245,0);}<\/style><div class=\"nav\"><ul class=\"nav-tabs\" role=\"tablist\"><li class=\"active\"><a class=\"tab-link\" data-toggle=\"tab\" role=\"tab\" aria-controls=\"tab-9e02823069f77622abe\" aria-selected=\"true\" id=\"fusion-tab-naszapraca\" href=\"#tab-9e02823069f77622abe\"><h4 class=\"fusion-tab-heading\">Nasza Praca<\/h4><\/a><\/li><\/ul><\/div><div class=\"tab-content\"><div class=\"nav fusion-mobile-tab-nav\"><ul class=\"nav-tabs\"><li class=\"active\"><a class=\"tab-link\" data-toggle=\"tab\" role=\"tab\" aria-controls=\"tab-9e02823069f77622abe\" aria-selected=\"true\" id=\"mobile-fusion-tab-naszapraca\" href=\"#tab-9e02823069f77622abe\"><h4 class=\"fusion-tab-heading\">Nasza Praca<\/h4><\/a><\/li><\/ul><\/div><div class=\"tab-pane fade fusion-clearfix in active\" role=\"tabpanel\" tabindex=\"0\" aria-labelledby=\"fusion-tab-naszapraca\" id=\"tab-9e02823069f77622abe\">\n<h2 style=\"font-weight: 300; margin-top: -20px;\">Tworzymy wspania\u0142e meble<\/h2>\n<p>Meble to nasza pasja.<\/p>\n<p>Firma od wielu lat zajmuje si\u0119 produkcja mebli dopasowanych do zmieniaj\u0105cych si\u0119 na przestrzeni lat potrzeb klient\u00f3w oraz mody. Setki zadowolonych klient\u00f3w, kt\u00f3rzy polecaj\u0105 nasze usu\u0142gi rodzinie oraz znajomym s\u0105 wystarczaj\u0105c\u0105 rekomendacj\u0105.<\/p>\n<div class=\"fusion-sep-clear\"><\/div><div class=\"fusion-separator fusion-full-width-sep\" style=\"margin-left: auto;margin-right: auto;margin-top:40px;width:100%;\"><\/div><div class=\"fusion-sep-clear\"><\/div>\n<p><img decoding=\"async\" class=\"alignnone size-full wp-image-346\" src=\"http:\/\/jurmeb.pl\/wp-content\/uploads\/2015\/12\/services-tabs-139154408.jpg\" alt=\"services-tabs-139154408\" width=\"1675\" height=\"1031\" \/><\/p>\n<div class=\"fusion-sep-clear\"><\/div><div class=\"fusion-separator fusion-full-width-sep\" style=\"margin-left: auto;margin-right: auto;margin-top:40px;width:100%;\"><\/div><div class=\"fusion-sep-clear\"><\/div>\n<\/div><\/div><\/div><div class=\"fusion-clearfix\"><\/div><\/div><\/div><\/div><\/div><div class=\"fusion-fullwidth fullwidth-box fusion-builder-row-2 nonhundred-percent-fullwidth non-hundred-percent-height-scrolling\" style=\"background-color: #f5f5f5;background-position: left top;background-repeat: no-repeat;padding-top:0px;padding-right:0px;padding-bottom:70px;padding-left:0px;margin-bottom: 0px;margin-top: 0px;border-width: 0px 0px 0px 0px;border-color:#eae9e9;border-style:solid;\" ><div class=\"fusion-builder-row fusion-row\"><div class=\"fusion-layout-column fusion_builder_column fusion-builder-column-1 fusion_builder_column_1_1 1_1 fusion-one-full fusion-column-first fusion-column-last\" style=\"margin-top:0px;margin-bottom:0px;\"><div class=\"fusion-column-wrapper fusion-flex-column-wrapper-legacy\" style=\"background-position:left top;background-blend-mode: overlay;background-repeat:no-repeat;-webkit-background-size:cover;-moz-background-size:cover;-o-background-size:cover;background-size:cover;padding: 0px 0px 0px 0px;\"><div class=\"fusion-section-separator section-separator big-half-circle fusion-section-separator-1\"><div class=\"fusion-section-separator-svg\" style=\"padding:0;margin-left: 0px;margin-right: 0px;\"><svg class=\"fusion-big-half-circle-candy\" xmlns=\"http:\/\/www.w3.org\/2000\/svg\" version=\"1.1\" width=\"100%\" height=\"100\" viewBox=\"0 0 100 100\" preserveAspectRatio=\"none\" style=\"fill:#ffffff;padding:0;\"><path d=\"M0 0 C55 180 100 0 100 0 Z\"><\/path><\/svg><\/div><div class=\"fusion-section-separator-spacer\"><div class=\"fusion-section-separator-spacer-height\" style=\"height:99px;\"><\/div><\/div><\/div><div class=\"fusion-sep-clear\"><\/div><div class=\"fusion-separator fusion-full-width-sep\" style=\"margin-left: auto;margin-right: auto;margin-top:80px;width:100%;\"><\/div><div class=\"fusion-sep-clear\"><\/div><div class=\"fusion-clearfix\"><\/div><\/div><\/div><div class=\"fusion-layout-column fusion_builder_column fusion-builder-column-2 fusion_builder_column_1_1 1_1 fusion-one-full fusion-column-first fusion-column-last\" style=\"margin-top:0px;margin-bottom:0px;\"><div class=\"fusion-column-wrapper fusion-flex-column-wrapper-legacy\" style=\"background-position:left top;background-repeat:no-repeat;-webkit-background-size:cover;-moz-background-size:cover;-o-background-size:cover;background-size:cover;padding: 0px 15% 0px 15%;\"><div class=\"fusion-text fusion-text-1\"><h2 style=\"font-weight: 300; text-align: center;\">Zaufani Partnerzy<\/h2>\n<\/div><div class=\"fusion-sep-clear\"><\/div><div class=\"fusion-separator\" style=\"margin-left: auto;margin-right: auto;margin-top:0px;margin-bottom:30px;width:100%;max-width:206px;\"><div class=\"fusion-separator-border sep-single sep-solid\" style=\"border-color:#fed03d;border-top-width:2px;\"><\/div><\/div><div class=\"fusion-sep-clear\"><\/div><div class=\"fusion-text fusion-text-2\"><p style=\"text-align: center;\">Wykorzystujemy fronty, materia\u0142y, osprz\u0119t oraz rozwi\u0105zania najlepszych producent\u00f3w,<\/p>\n<p style=\"text-align: center;\">zapewniaj\u0105c d\u0142ugowieczno\u015b\u0107 oraz pi\u0119kny wygl\u0105d naszych mebli.<\/p>\n<\/div><div class=\"fusion-sep-clear\"><\/div><div class=\"fusion-separator fusion-full-width-sep\" style=\"margin-left: auto;margin-right: auto;margin-top:30px;width:100%;\"><\/div><div class=\"fusion-sep-clear\"><\/div><div class=\"fusion-clearfix\"><\/div><\/div><\/div><div class=\"fusion-layout-column fusion_builder_column fusion-builder-column-3 fusion_builder_column_1_1 1_1 fusion-one-full fusion-column-first fusion-column-last\" style=\"margin-top:0px;margin-bottom:0px;\"><div class=\"fusion-column-wrapper fusion-flex-column-wrapper-legacy\" style=\"background-position:left top;background-repeat:no-repeat;-webkit-background-size:cover;-moz-background-size:cover;-o-background-size:cover;background-size:cover;padding: 0px 0px 0px 0px;\"><div class=\"fusion-image-carousel fusion-image-carousel-fixed\"><div class=\"fusion-carousel\" data-autoplay=\"yes\" data-columns=\"5\" data-itemmargin=\"40\" data-itemwidth=\"180\" data-touchscroll=\"yes\" data-imagesize=\"fixed\" data-scrollitems=\"1\"><div class=\"fusion-carousel-positioner\"><ul class=\"fusion-carousel-holder\"><li class=\"fusion-carousel-item\"><div class=\"fusion-carousel-item-wrapper\"><div class=\"fusion-image-wrapper hover-type-none\"><img decoding=\"async\" width=\"320\" height=\"202\" src=\"https:\/\/jurmeb.pl\/wp-content\/uploads\/2020\/02\/drewpol-320x202.png\" class=\"attachment-blog-medium size-blog-medium\" alt=\"\" \/><\/div><\/div><\/li><li class=\"fusion-carousel-item\"><div class=\"fusion-carousel-item-wrapper\"><div class=\"fusion-image-wrapper hover-type-none\"><img decoding=\"async\" width=\"320\" height=\"202\" src=\"https:\/\/jurmeb.pl\/wp-content\/uploads\/2020\/02\/gtv-320x202.png\" class=\"attachment-blog-medium size-blog-medium\" alt=\"\" \/><\/div><\/div><\/li><li class=\"fusion-carousel-item\"><div class=\"fusion-carousel-item-wrapper\"><div class=\"fusion-image-wrapper hover-type-none\"><img decoding=\"async\" width=\"200\" height=\"123\" src=\"https:\/\/jurmeb.pl\/wp-content\/uploads\/2020\/02\/amix.png\" class=\"attachment-blog-medium size-blog-medium\" alt=\"\" \/><\/div><\/div><\/li><li class=\"fusion-carousel-item\"><div class=\"fusion-carousel-item-wrapper\"><div class=\"fusion-image-wrapper hover-type-none\"><img decoding=\"async\" width=\"298\" height=\"46\" src=\"https:\/\/jurmeb.pl\/wp-content\/uploads\/2020\/02\/swiss_krono.png\" class=\"attachment-blog-medium size-blog-medium\" alt=\"\" srcset=\"https:\/\/jurmeb.pl\/wp-content\/uploads\/2020\/02\/swiss_krono-200x31.png 200w, https:\/\/jurmeb.pl\/wp-content\/uploads\/2020\/02\/swiss_krono.png 298w\" sizes=\"(min-width: 2200px) 100vw, (min-width: 1008px) 202px, (min-width: 916px) 253px, (min-width: 824px) 337px, (min-width: 732px) 505px, (min-width: 640px) 732px, \" \/><\/div><\/div><\/li><li class=\"fusion-carousel-item\"><div class=\"fusion-carousel-item-wrapper\"><div class=\"fusion-image-wrapper hover-type-none\"><img decoding=\"async\" width=\"285\" height=\"173\" src=\"https:\/\/jurmeb.pl\/wp-content\/uploads\/2020\/02\/blum.png\" class=\"attachment-blog-medium size-blog-medium\" alt=\"\" srcset=\"https:\/\/jurmeb.pl\/wp-content\/uploads\/2020\/02\/blum-200x121.png 200w, https:\/\/jurmeb.pl\/wp-content\/uploads\/2020\/02\/blum.png 285w\" sizes=\"(min-width: 2200px) 100vw, (min-width: 1008px) 202px, (min-width: 916px) 253px, (min-width: 824px) 337px, (min-width: 732px) 505px, (min-width: 640px) 732px, \" \/><\/div><\/div><\/li><li class=\"fusion-carousel-item\"><div class=\"fusion-carousel-item-wrapper\"><div class=\"fusion-image-wrapper hover-type-none\"><img decoding=\"async\" width=\"320\" height=\"202\" src=\"https:\/\/jurmeb.pl\/wp-content\/uploads\/2020\/02\/kronospan-320x202.png\" class=\"attachment-blog-medium size-blog-medium\" alt=\"\" \/><\/div><\/div><\/li><\/ul><\/div><\/div><\/div><div class=\"fusion-clearfix\"><\/div><\/div><\/div><\/div><\/div><\/p>\n","protected":false},"excerpt":{"rendered":"","protected":false},"author":1,"featured_media":0,"parent":0,"menu_order":0,"comment_status":"closed","ping_status":"closed","template":"100-width.php","meta":{"footnotes":""},"class_list":["post-9","page","type-page","status-publish","hentry"],"_links":{"self":[{"href":"https:\/\/jurmeb.pl\/index.php\/wp-json\/wp\/v2\/pages\/9","targetHints":{"allow":["GET"]}}],"collection":[{"href":"https:\/\/jurmeb.pl\/index.php\/wp-json\/wp\/v2\/pages"}],"about":[{"href":"https:\/\/jurmeb.pl\/index.php\/wp-json\/wp\/v2\/types\/page"}],"author":[{"embeddable":true,"href":"https:\/\/jurmeb.pl\/index.php\/wp-json\/wp\/v2\/users\/1"}],"replies":[{"embeddable":true,"href":"https:\/\/jurmeb.pl\/index.php\/wp-json\/wp\/v2\/comments?post=9"}],"version-history":[{"count":7,"href":"https:\/\/jurmeb.pl\/index.php\/wp-json\/wp\/v2\/pages\/9\/revisions"}],"predecessor-version":[{"id":1269,"href":"https:\/\/jurmeb.pl\/index.php\/wp-json\/wp\/v2\/pages\/9\/revisions\/1269"}],"wp:attachment":[{"href":"https:\/\/jurmeb.pl\/index.php\/wp-json\/wp\/v2\/media?parent=9"}],"curies":[{"name":"wp","href":"https:\/\/api.w.org\/{rel}","templated":true}]}}